{"id":1295,"date":"2024-02-08T12:57:02","date_gmt":"2024-02-08T12:57:02","guid":{"rendered":"https:\/\/boissonsheintz.lu\/dienstleistungen\/"},"modified":"2026-03-10T09:53:54","modified_gmt":"2026-03-10T09:53:54","slug":"dienstleistungen","status":"publish","type":"page","link":"https:\/\/boissonsheintz.lu\/de\/dienstleistungen\/","title":{"rendered":"Dienstleistungen"},"content":{"rendered":"<p>[et_pb_section fb_built=&#8220;1&#8243; fullwidth=&#8220;on&#8220; _builder_version=&#8220;4.23.4&#8243; _module_preset=&#8220;default&#8220; da_disable_devices=&#8220;off|off|off&#8220; global_colors_info=&#8220;{}&#8220; da_is_popup=&#8220;off&#8220; da_exit_intent=&#8220;off&#8220; da_has_close=&#8220;on&#8220; da_alt_close=&#8220;off&#8220; da_dark_close=&#8220;off&#8220; da_not_modal=&#8220;on&#8220; da_is_singular=&#8220;off&#8220; da_with_loader=&#8220;off&#8220; da_has_shadow=&#8220;on&#8220;][et_pb_fullwidth_header title=&#8220;@ET-DC@eyJkeW5hbWljIjp0cnVlLCJjb250ZW50IjoicG9zdF90aXRsZSIsInNldHRpbmdzIjp7ImJlZm9yZSI6IiIsImFmdGVyIjoiIn19@&#8220; _builder_version=&#8220;4.23.4&#8243; _dynamic_attributes=&#8220;title&#8220; _module_preset=&#8220;default&#8220; background_enable_color=&#8220;off&#8220; custom_css_before=&#8220;    display: block;||    content: %22%22;||    background: rgba(0,0,0,0.4);||    position: absolute;||    top: 0;||    right: 0;||    bottom: 0;||    left: 0;&#8220; global_colors_info=&#8220;{}&#8220;][\/et_pb_fullwidth_header][\/et_pb_section][et_pb_section fb_built=&#8220;1&#8243; _builder_version=&#8220;4.23.4&#8243; _module_preset=&#8220;default&#8220; custom_padding=&#8220;||||false|false&#8220; da_disable_devices=&#8220;off|off|off&#8220; locked=&#8220;off&#8220; global_colors_info=&#8220;{}&#8220; da_is_popup=&#8220;off&#8220; da_exit_intent=&#8220;off&#8220; da_has_close=&#8220;on&#8220; da_alt_close=&#8220;off&#8220; da_dark_close=&#8220;off&#8220; da_not_modal=&#8220;on&#8220; da_is_singular=&#8220;off&#8220; da_with_loader=&#8220;off&#8220; da_has_shadow=&#8220;on&#8220;][et_pb_row use_custom_gutter=&#8220;on&#8220; gutter_width=&#8220;2&#8243; _builder_version=&#8220;4.23.4&#8243; _module_preset=&#8220;default&#8220; background_enable_image=&#8220;off&#8220; width=&#8220;100%&#8220; max_width=&#8220;100%&#8220; custom_padding=&#8220;|60px||60px|false|false&#8220; global_colors_info=&#8220;{}&#8220;][et_pb_column type=&#8220;4_4&#8243; _builder_version=&#8220;4.23.4&#8243; _module_preset=&#8220;default&#8220; global_colors_info=&#8220;{}&#8220;][et_pb_text _builder_version=&#8220;4.23.4&#8243; _module_preset=&#8220;default&#8220; header_text_align=&#8220;center&#8220; header_font_size=&#8220;50px&#8220; header_font_size_tablet=&#8220;35px&#8220; header_font_size_phone=&#8220;23px&#8220; header_font_size_last_edited=&#8220;on|tablet&#8220; global_colors_info=&#8220;{}&#8220;]<\/p>\n<h1>Ein \u00dcberblick \u00fcber unsere Abteilungen<\/h1>\n<p>[\/et_pb_text][et_pb_text _builder_version=&#8220;4.23.4&#8243; _module_preset=&#8220;default&#8220; text_font_size=&#8220;16px&#8220; text_orientation=&#8220;center&#8220; global_colors_info=&#8220;{}&#8220;]<\/p>\n<p>Unsere Marke \u201eLe Cellier\u201c f\u00fcr den Verkauf und Vertrieb von feinen Weinen sowie unser Drive-In in Hosingen vervollst\u00e4ndigen den Service von Boissons Heintz.<\/p>\n<p>[\/et_pb_text][\/et_pb_column][\/et_pb_row][et_pb_row column_structure=&#8220;1_2,1_2&#8243; use_custom_gutter=&#8220;on&#8220; gutter_width=&#8220;2&#8243; make_equal=&#8220;on&#8220; _builder_version=&#8220;4.23.4&#8243; _module_preset=&#8220;d8bbad56-aa26-4657-801e-47363ac93330&#8243; background_enable_image=&#8220;off&#8220; custom_margin=&#8220;||||false|false&#8220; custom_padding=&#8220;|60px|0px|60px|false|true&#8220; saved_tabs=&#8220;all&#8220; locked=&#8220;off&#8220; global_colors_info=&#8220;{}&#8220;][et_pb_column type=&#8220;1_2&#8243; module_class=&#8220;hovercolumn-red&#8220; _builder_version=&#8220;4.23.4&#8243; _module_preset=&#8220;default&#8220; background_image=&#8220;https:\/\/boissonsheintz.lu\/wp-content\/uploads\/97079-800-600-Max.jpg&#8220; custom_css_before=&#8220;content: %22%22;||    display: block;||    height: 100%;||    background: rgba(0,0,0,0.5);||    background: linear-gradient(0,rgba(0,0,0,0.7) 0%,rgba(0,0,0,0) 100%);||    position: absolute;||    top: 0;||    left: 0;||    right: 0;||    bottom: 0;||    width: 100%;||    z-index: -1;&#8220; custom_css_main_element=&#8220;display:flex;||flex-direction: column;||justify-content: flex-end;||padding: 30px;||min-height: 390px;&#8220; global_colors_info=&#8220;{}&#8220;][et_pb_text _builder_version=&#8220;4.27.6&#8243; _module_preset=&#8220;default&#8220; text_text_color=&#8220;#FFFFFF&#8220; text_font_size=&#8220;16px&#8220; header_3_text_color=&#8220;#FFFFFF&#8220; header_3_font_size=&#8220;50px&#8220; global_colors_info=&#8220;{}&#8220;]<\/p>\n<h3>Die Weinabteilung<\/h3>\n<p>Sie k\u00f6nnen sicher sein, dass Sie den richtigen Wein finden, immer zum besten Preis![\/et_pb_text][et_pb_button button_url=&#8220;https:\/\/boissonsheintz.lu\/de\/dienstleistungen\/der-weinkeller\/&#8220; button_text=&#8220;Mehr erfahren&#8220; _builder_version=&#8220;4.23.4&#8243; _module_preset=&#8220;default&#8220; custom_button=&#8220;on&#8220; button_text_color=&#8220;#FFFFFF&#8220; button_bg_color=&#8220;gcid-bc669671-e5e5-487e-8401-5a14a3ac7100&#8243; button_border_width=&#8220;0px&#8220; button_border_radius=&#8220;4px&#8220; button_font=&#8220;Fjalla One|||on|||||&#8220; button_use_icon=&#8220;off&#8220; custom_margin=&#8220;||||false|false&#8220; custom_padding=&#8220;10px|30px|10px|30px|false|false&#8220; button_text_size_tablet=&#8220;16px&#8220; button_text_size_phone=&#8220;14px&#8220; button_text_size_last_edited=&#8220;on|phone&#8220; custom_css_main_element=&#8220;display:inline-block;&#8220; locked=&#8220;off&#8220; global_colors_info=&#8220;{%22gcid-bc669671-e5e5-487e-8401-5a14a3ac7100%22:%91%22button_bg_color%22%93}&#8220; button_bg_color__hover=&#8220;#b81316&#8243; button_bg_color__hover_enabled=&#8220;on|desktop&#8220; button_custom_padding_tablet=&#8220;8px|20px|8px|20px|false|false&#8220; button_custom_padding_phone=&#8220;6px|12px|6px|12px|false|false&#8220; button_custom_padding_last_edited=&#8220;on|tablet&#8220;][\/et_pb_button][\/et_pb_column][et_pb_column type=&#8220;1_2&#8243; module_class=&#8220;hovercolumn-red&#8220; _builder_version=&#8220;4.23.4&#8243; _module_preset=&#8220;default&#8220; global_colors_info=&#8220;{}&#8220;][\/et_pb_column][\/et_pb_row][\/et_pb_section]<\/p>\n","protected":false},"excerpt":{"rendered":"<p>Ein \u00dcberblick \u00fcber unsere AbteilungenUnsere Marke \u201eLe Cellier\u201c f\u00fcr den Verkauf und Vertrieb von feinen Weinen sowie unser Drive-In in Hosingen vervollst\u00e4ndigen den Service von Boissons Heintz.Die Weinabteilung Sie k\u00f6nnen sicher sein, dass Sie den richtigen Wein finden, immer zum besten Preis!<\/p>\n","protected":false},"author":1,"featured_media":0,"parent":0,"menu_order":0,"comment_status":"closed","ping_status":"closed","template":"","meta":{"_et_pb_use_builder":"on","_et_pb_old_content":"","_et_gb_content_width":"","inline_featured_image":false,"footnotes":""},"class_list":["post-1295","page","type-page","status-publish","hentry"],"yoast_head":"<!-- This site is optimized with the Yoast SEO plugin v27.4 - https:\/\/yoast.com\/product\/yoast-seo-wordpress\/ -->\n<title>Dienstleistungen - Boissons Heintz<\/title>\n<meta name=\"robots\" content=\"index, follow, max-snippet:-1, max-image-preview:large, max-video-preview:-1\" \/>\n<link rel=\"canonical\" href=\"https:\/\/boissonsheintz.lu\/de\/dienstleistungen\/\" \/>\n<meta property=\"og:locale\" content=\"de_DE\" \/>\n<meta property=\"og:type\" content=\"article\" \/>\n<meta property=\"og:title\" content=\"Dienstleistungen - Boissons Heintz\" \/>\n<meta property=\"og:description\" content=\"Ein \u00dcberblick \u00fcber unsere AbteilungenUnsere Marke \u201eLe Cellier\u201c f\u00fcr den Verkauf und Vertrieb von feinen Weinen sowie unser Drive-In in Hosingen vervollst\u00e4ndigen den Service von Boissons Heintz.Die Weinabteilung Sie k\u00f6nnen sicher sein, dass Sie den richtigen Wein finden, immer zum besten Preis!\" \/>\n<meta property=\"og:url\" content=\"https:\/\/boissonsheintz.lu\/de\/dienstleistungen\/\" \/>\n<meta property=\"og:site_name\" content=\"Boissons Heintz\" \/>\n<meta property=\"article:publisher\" content=\"https:\/\/www.boissonsheintz.lu\/facebook\/\" \/>\n<meta property=\"article:modified_time\" content=\"2026-03-10T09:53:54+00:00\" \/>\n<meta name=\"twitter:card\" content=\"summary_large_image\" \/>\n<meta name=\"twitter:label1\" content=\"Gesch\u00e4tzte Lesezeit\" \/>\n\t<meta name=\"twitter:data1\" content=\"3\u00a0Minuten\" \/>\n<script type=\"application\/ld+json\" class=\"yoast-schema-graph\">{\"@context\":\"https:\\\/\\\/schema.org\",\"@graph\":[{\"@type\":\"WebPage\",\"@id\":\"https:\\\/\\\/boissonsheintz.lu\\\/de\\\/dienstleistungen\\\/\",\"url\":\"https:\\\/\\\/boissonsheintz.lu\\\/de\\\/dienstleistungen\\\/\",\"name\":\"Dienstleistungen - Boissons Heintz\",\"isPartOf\":{\"@id\":\"https:\\\/\\\/boissonsheintz.lu\\\/de\\\/#website\"},\"datePublished\":\"2024-02-08T12:57:02+00:00\",\"dateModified\":\"2026-03-10T09:53:54+00:00\",\"breadcrumb\":{\"@id\":\"https:\\\/\\\/boissonsheintz.lu\\\/de\\\/dienstleistungen\\\/#breadcrumb\"},\"inLanguage\":\"de\",\"potentialAction\":[{\"@type\":\"ReadAction\",\"target\":[\"https:\\\/\\\/boissonsheintz.lu\\\/de\\\/dienstleistungen\\\/\"]}]},{\"@type\":\"BreadcrumbList\",\"@id\":\"https:\\\/\\\/boissonsheintz.lu\\\/de\\\/dienstleistungen\\\/#breadcrumb\",\"itemListElement\":[{\"@type\":\"ListItem\",\"position\":1,\"name\":\"Home\",\"item\":\"https:\\\/\\\/boissonsheintz.lu\\\/de\\\/\"},{\"@type\":\"ListItem\",\"position\":2,\"name\":\"Dienstleistungen\"}]},{\"@type\":\"WebSite\",\"@id\":\"https:\\\/\\\/boissonsheintz.lu\\\/de\\\/#website\",\"url\":\"https:\\\/\\\/boissonsheintz.lu\\\/de\\\/\",\"name\":\"Boissons Heintz\",\"description\":\"\",\"publisher\":{\"@id\":\"https:\\\/\\\/boissonsheintz.lu\\\/de\\\/#organization\"},\"potentialAction\":[{\"@type\":\"SearchAction\",\"target\":{\"@type\":\"EntryPoint\",\"urlTemplate\":\"https:\\\/\\\/boissonsheintz.lu\\\/de\\\/?s={search_term_string}\"},\"query-input\":{\"@type\":\"PropertyValueSpecification\",\"valueRequired\":true,\"valueName\":\"search_term_string\"}}],\"inLanguage\":\"de\"},{\"@type\":\"Organization\",\"@id\":\"https:\\\/\\\/boissonsheintz.lu\\\/de\\\/#organization\",\"name\":\"Boissons Heintz SA\",\"url\":\"https:\\\/\\\/boissonsheintz.lu\\\/de\\\/\",\"logo\":{\"@type\":\"ImageObject\",\"inLanguage\":\"de\",\"@id\":\"https:\\\/\\\/boissonsheintz.lu\\\/de\\\/#\\\/schema\\\/logo\\\/image\\\/\",\"url\":\"https:\\\/\\\/boissonsheintz.lu\\\/wp-content\\\/uploads\\\/header-logo.png\",\"contentUrl\":\"https:\\\/\\\/boissonsheintz.lu\\\/wp-content\\\/uploads\\\/header-logo.png\",\"width\":872,\"height\":676,\"caption\":\"Boissons Heintz SA\"},\"image\":{\"@id\":\"https:\\\/\\\/boissonsheintz.lu\\\/de\\\/#\\\/schema\\\/logo\\\/image\\\/\"},\"sameAs\":[\"https:\\\/\\\/www.boissonsheintz.lu\\\/facebook\\\/\"]}]}<\/script>\n<!-- \/ Yoast SEO plugin. -->","yoast_head_json":{"title":"Dienstleistungen - Boissons Heintz","robots":{"index":"index","follow":"follow","max-snippet":"max-snippet:-1","max-image-preview":"max-image-preview:large","max-video-preview":"max-video-preview:-1"},"canonical":"https:\/\/boissonsheintz.lu\/de\/dienstleistungen\/","og_locale":"de_DE","og_type":"article","og_title":"Dienstleistungen - Boissons Heintz","og_description":"Ein \u00dcberblick \u00fcber unsere AbteilungenUnsere Marke \u201eLe Cellier\u201c f\u00fcr den Verkauf und Vertrieb von feinen Weinen sowie unser Drive-In in Hosingen vervollst\u00e4ndigen den Service von Boissons Heintz.Die Weinabteilung Sie k\u00f6nnen sicher sein, dass Sie den richtigen Wein finden, immer zum besten Preis!","og_url":"https:\/\/boissonsheintz.lu\/de\/dienstleistungen\/","og_site_name":"Boissons Heintz","article_publisher":"https:\/\/www.boissonsheintz.lu\/facebook\/","article_modified_time":"2026-03-10T09:53:54+00:00","twitter_card":"summary_large_image","twitter_misc":{"Gesch\u00e4tzte Lesezeit":"3\u00a0Minuten"},"schema":{"@context":"https:\/\/schema.org","@graph":[{"@type":"WebPage","@id":"https:\/\/boissonsheintz.lu\/de\/dienstleistungen\/","url":"https:\/\/boissonsheintz.lu\/de\/dienstleistungen\/","name":"Dienstleistungen - Boissons Heintz","isPartOf":{"@id":"https:\/\/boissonsheintz.lu\/de\/#website"},"datePublished":"2024-02-08T12:57:02+00:00","dateModified":"2026-03-10T09:53:54+00:00","breadcrumb":{"@id":"https:\/\/boissonsheintz.lu\/de\/dienstleistungen\/#breadcrumb"},"inLanguage":"de","potentialAction":[{"@type":"ReadAction","target":["https:\/\/boissonsheintz.lu\/de\/dienstleistungen\/"]}]},{"@type":"BreadcrumbList","@id":"https:\/\/boissonsheintz.lu\/de\/dienstleistungen\/#breadcrumb","itemListElement":[{"@type":"ListItem","position":1,"name":"Home","item":"https:\/\/boissonsheintz.lu\/de\/"},{"@type":"ListItem","position":2,"name":"Dienstleistungen"}]},{"@type":"WebSite","@id":"https:\/\/boissonsheintz.lu\/de\/#website","url":"https:\/\/boissonsheintz.lu\/de\/","name":"Boissons Heintz","description":"","publisher":{"@id":"https:\/\/boissonsheintz.lu\/de\/#organization"},"potentialAction":[{"@type":"SearchAction","target":{"@type":"EntryPoint","urlTemplate":"https:\/\/boissonsheintz.lu\/de\/?s={search_term_string}"},"query-input":{"@type":"PropertyValueSpecification","valueRequired":true,"valueName":"search_term_string"}}],"inLanguage":"de"},{"@type":"Organization","@id":"https:\/\/boissonsheintz.lu\/de\/#organization","name":"Boissons Heintz SA","url":"https:\/\/boissonsheintz.lu\/de\/","logo":{"@type":"ImageObject","inLanguage":"de","@id":"https:\/\/boissonsheintz.lu\/de\/#\/schema\/logo\/image\/","url":"https:\/\/boissonsheintz.lu\/wp-content\/uploads\/header-logo.png","contentUrl":"https:\/\/boissonsheintz.lu\/wp-content\/uploads\/header-logo.png","width":872,"height":676,"caption":"Boissons Heintz SA"},"image":{"@id":"https:\/\/boissonsheintz.lu\/de\/#\/schema\/logo\/image\/"},"sameAs":["https:\/\/www.boissonsheintz.lu\/facebook\/"]}]}},"_links":{"self":[{"href":"https:\/\/boissonsheintz.lu\/de\/wp-json\/wp\/v2\/pages\/1295","targetHints":{"allow":["GET"]}}],"collection":[{"href":"https:\/\/boissonsheintz.lu\/de\/wp-json\/wp\/v2\/pages"}],"about":[{"href":"https:\/\/boissonsheintz.lu\/de\/wp-json\/wp\/v2\/types\/page"}],"author":[{"embeddable":true,"href":"https:\/\/boissonsheintz.lu\/de\/wp-json\/wp\/v2\/users\/1"}],"replies":[{"embeddable":true,"href":"https:\/\/boissonsheintz.lu\/de\/wp-json\/wp\/v2\/comments?post=1295"}],"version-history":[{"count":7,"href":"https:\/\/boissonsheintz.lu\/de\/wp-json\/wp\/v2\/pages\/1295\/revisions"}],"predecessor-version":[{"id":2753,"href":"https:\/\/boissonsheintz.lu\/de\/wp-json\/wp\/v2\/pages\/1295\/revisions\/2753"}],"wp:attachment":[{"href":"https:\/\/boissonsheintz.lu\/de\/wp-json\/wp\/v2\/media?parent=1295"}],"curies":[{"name":"wp","href":"https:\/\/api.w.org\/{rel}","templated":true}]}}