{"id":1255,"date":"2024-02-28T17:12:21","date_gmt":"2024-02-28T17:12:21","guid":{"rendered":"https:\/\/boissonsheintz.lu\/rechtliche-hinweise\/"},"modified":"2026-02-23T13:18:17","modified_gmt":"2026-02-23T13:18:17","slug":"rechtliche-hinweise","status":"publish","type":"page","link":"https:\/\/boissonsheintz.lu\/de\/rechtliche-hinweise\/","title":{"rendered":"Rechtliche Hinweise"},"content":{"rendered":"<p>[et_pb_section fb_built=&#8220;1&#8243; admin_label=&#8220;section&#8220; _builder_version=&#8220;4.16&#8243; da_disable_devices=&#8220;off|off|off&#8220; global_colors_info=&#8220;{}&#8220; da_is_popup=&#8220;off&#8220; da_exit_intent=&#8220;off&#8220; da_has_close=&#8220;on&#8220; da_alt_close=&#8220;off&#8220; da_dark_close=&#8220;off&#8220; da_not_modal=&#8220;on&#8220; da_is_singular=&#8220;off&#8220; da_with_loader=&#8220;off&#8220; da_has_shadow=&#8220;on&#8220;][et_pb_row admin_label=&#8220;row&#8220; _builder_version=&#8220;4.16&#8243; background_size=&#8220;initial&#8220; background_position=&#8220;top_left&#8220; background_repeat=&#8220;repeat&#8220; global_colors_info=&#8220;{}&#8220;][et_pb_column type=&#8220;4_4&#8243; _builder_version=&#8220;4.16&#8243; custom_padding=&#8220;|||&#8220; global_colors_info=&#8220;{}&#8220; custom_padding__hover=&#8220;|||&#8220;][et_pb_text admin_label=&#8220;Text&#8220; _builder_version=&#8220;4.16&#8243; background_size=&#8220;initial&#8220; background_position=&#8220;top_left&#8220; background_repeat=&#8220;repeat&#8220; global_colors_info=&#8220;{}&#8220;]<\/p>\n<h2 class=\"wp-block-heading\">Besitzer der Seite<\/h2>\n<p>&nbsp;<\/p>\n<\/p>\n<p>Boissons Heintz S\u00e0rl<\/p>\n<p>34, Z.A.E.R. Op der H\u00e9i<br \/>L-9809 Hosingen<br \/>Luxembourg<\/p>\n<p>&nbsp;<\/p>\n<\/p>\n<p><a href=\"mailto:info@bheintz.lu?subject=Demande%20de%20contact%20%c3%a9diteur%20www.boissonsheintz.lu%20-%20%23638447368725915911\">info@bheintz.lu<\/a><br \/><a href=\"tel:+3529980811\">+352 99 80 81-1<\/a><\/p>\n<p>&nbsp;<\/p>\n<\/p>\n<p>Nr. TVA: LU 354 92 986<\/p>\n<p>&nbsp;<\/p>\n<\/p>\n<h2 class=\"wp-block-heading\">Geistiges Eigentum &amp; eingetragene Marken<\/h2>\n<p>&nbsp;<\/p>\n<\/p>\n<p>Website: \u00a9 2008-2024 Boissons Heintz , alle Rechte vorbehalten.<\/p>\n<p>&nbsp;<\/p>\n<\/p>\n<p>Fotos und Illustrationen: \u00a9 Boissons Heintz ;<\/p>\n<p>&nbsp;<\/p>\n<\/p>\n<p>Die gesamte Website unterliegt den geltenden Gesetzen zum Urheberrecht und zum geistigen Eigentum. Alle Texte, Illustrationen oder andere Inhalte sind urheberrechtlich gesch\u00fctzt.<\/p>\n<p>&nbsp;<\/p>\n<\/p>\n<h2 class=\"wp-block-heading\">Umsetzung &amp; Hosting<\/h2>\n<p>&nbsp;<\/p>\n<\/p>\n<p><a href=\"http:\/\/apps.lu\"><strong>apps.lu by Kirepo<\/strong><\/a><\/p>\n<p>&nbsp;<\/p>\n<\/p>\n<p>1, Rue de Wormeldange-Haut<br \/>L-5488 Ehnen<br \/>Luxembourg<br \/><a href=\"https:\/\/apps.lu\"><\/a><a href=\"https:\/\/apps.lu\">www.apps.lu<\/a><\/p>\n<p>&nbsp;<\/p>\n<\/p>\n<p><strong>Web Hosting \/ Datacenter<\/strong><\/p>\n<p>&nbsp;<\/p>\n<\/p>\n<p>Hetzner Online GmbH<br \/>Industriestr. 25<br \/>91710 Gunzenhausen<br \/>Deutschland<\/p>\n<p>&nbsp;<\/p>\n<\/p>\n<h2 class=\"wp-block-heading\">Nutzungsbedingungen<\/h2>\n<p>&nbsp;<\/p>\n<\/p>\n<h3 class=\"wp-block-heading\">Bedingungen f\u00fcr den Zugriff auf die Seite<\/h3>\n<p>&nbsp;<\/p>\n<\/p>\n<p>Bei jeder Person (im Folgenden \u201eNutzer\u201c), die auf diese Website (im Folgenden \u201eWebsite\u201c) zugreift, wird davon ausgegangen, dass sie alle Bestimmungen und Nutzungsbedingungen der von ihrem Eigent\u00fcmer (im Folgenden \u201eHerausgeber\u201c) ver\u00f6ffentlichten Website bedingungslos akzeptiert.<br \/>Die Seite ist jederzeit von \u00fcberall auf der Welt zug\u00e4nglich. Der Nutzer, der sich mit der Website verbindet, tr\u00e4gt die alleinige Verantwortung f\u00fcr die Einhaltung der Gesetze und Vorschriften, die in dem Land gelten, in dem er wohnt oder von dem aus er sich mit der Website verbindet.<\/p>\n<p>&nbsp;<\/p>\n<\/p>\n<h3 class=\"wp-block-heading\">\u00c4nderung dieser Nutzungsbedingungen, Gerichtsstand und anwendbares Recht<\/h3>\n<p>&nbsp;<\/p>\n<\/p>\n<p>Die vorliegenden Nutzungsbedingungen k\u00f6nnen vom Herausgeber jederzeit ge\u00e4ndert werden. Die f\u00fcr jede Nutzung der Website geltenden Nutzungsbedingungen sind diejenigen, die zum Zeitpunkt des Aufrufs der Website durch den Nutzer auf der Website verf\u00fcgbar und ver\u00f6ffentlicht sind. Die Nichtigkeit oder Ung\u00fcltigkeit einer Bestimmung dieser Nutzungsbedingungen ber\u00fchrt nicht die G\u00fcltigkeit der \u00fcbrigen Bestimmungen dieser Nutzungsbedingungen.<\/p>\n<p>&nbsp;<\/p>\n<\/p>\n<h3 class=\"wp-block-heading\">Haftungsausschluss<\/h3>\n<p>&nbsp;<\/p>\n<\/p>\n<p>Obwohl alle Informationen auf der Website sorgf\u00e4ltig gepr\u00fcft wurden, kann dem Nutzer keine Garantie f\u00fcr ihre Richtigkeit gegeben werden. Der Herausgeber \u00fcbernimmt keine Verantwortung f\u00fcr die Richtigkeit der angegebenen Informationen und kann in keiner Weise garantieren, dass die Daten vollst\u00e4ndig, genau oder aktuell sind. Alle Informationen sind vorbehaltlich von \u00c4nderungen, Irrt\u00fcmern oder Auslassungen.<\/p>\n<p>&nbsp;<\/p>\n<\/p>\n<p>Der Herausgeber ist auch nicht verantwortlich f\u00fcr Inhalte von Websites, die von Dritten herausgegeben werden, oder von Seiten in sozialen Netzwerken, zu denen die Website Hyperlinks setzt oder von denen sie Hyperlinks erh\u00e4lt.<\/p>\n<p>&nbsp;<\/p>\n<\/p>\n<p>Schlie\u00dflich lehnt der Herausgeber jede Verantwortung ab und schlie\u00dft jede Garantie im Falle einer Unterbrechung oder Fehlfunktion der Website aus. Der Herausgeber kann auch nicht f\u00fcr direkte oder indirekte Sch\u00e4den haftbar gemacht werden, die dem Nutzer durch den Zugriff auf die Website oder deren Nutzung entstehen.<\/p>\n<p>&nbsp;<\/p>\n<\/p>\n<h2 class=\"wp-block-heading\" id=\"privacy\">Datenschutz und Datenschutzrichtlinie<\/h2>\n<p>&nbsp;<\/p>\n<\/p>\n<h3 class=\"wp-block-heading\">Sicherheit der Daten<\/h3>\n<p>&nbsp;<\/p>\n<\/p>\n<p>Der Herausgeber verwendet die Verschl\u00fcsselungstechnik Security Sockets Layer (SSL), um pers\u00f6nliche Informationen zu verschl\u00fcsseln, bevor sie \u00fcber das Internet gesendet werden.<\/p>\n<p>&nbsp;<\/p>\n<\/p>\n<p>Der Herausgeber legt gro\u00dfen Wert auf die Sicherheit pers\u00f6nlicher Informationen. Er h\u00e4lt sich an die allgemein anerkannten Standards zum Schutz pers\u00f6nlicher Informationen zum Zeitpunkt der \u00dcbermittlung durch den Nutzer und des Empfangs durch den Herausgeber. Allerdings ist keine Methode der \u00dcbertragung \u00fcber das Internet und keine Methode der Speicherung von elektronischen Daten im Internet zu 100 % sicher. Aus diesem Grund kann der Herausgeber niemals eine absolute Datensicherheit garantieren.<\/p>\n<p>&nbsp;<\/p>\n<\/p>\n<p>Aufgrund der technischen Anforderungen, die sich aus den Bed\u00fcrfnissen nach Zuverl\u00e4ssigkeit und Sicherheit ergeben, kann es vorkommen, dass der Herausgeber personenbezogene Daten an Orten speichert, \u00fcber die er keine direkte Kontrolle hat (z. B. auf Servern in einem Rechenzentrum, bei Providern oder auf Backup-Servern).<\/p>\n<p>&nbsp;<\/p>\n<\/p>\n<h3 class=\"wp-block-heading\">Umgang mit pers\u00f6nlichen Daten<\/h3>\n<p>&nbsp;<\/p>\n<\/p>\n<p>Personenbezogene Daten d\u00fcrfen nur in \u00dcbereinstimmung mit den Regeln der Datenschutzgesetze gesammelt und verarbeitet werden.<\/p>\n<p>&nbsp;<\/p>\n<\/p>\n<p>In einigen F\u00e4llen, insbesondere wenn der Nutzer pers\u00f6nliche Daten sendet, indem er eines der Formulare auf der Website ausf\u00fcllt und zur\u00fcckschickt, ist es m\u00f6glich, dass bestimmte pers\u00f6nliche Daten auf dem Server gespeichert werden. Der Herausgeber verarbeitet die vom Nutzer erhaltenen pers\u00f6nlichen Informationen ausschlie\u00dflich zur Beantwortung der Anfrage des Nutzers und f\u00fcr jede zuk\u00fcnftige E-Mail-Kommunikation, die sich aus einer m\u00f6glichen Gesch\u00e4ftsbeziehung zwischen dem Nutzer und dem Herausgeber ergeben k\u00f6nnte.<\/p>\n<p>&nbsp;<\/p>\n<\/p>\n<p>Die pers\u00f6nlichen Daten des Nutzers k\u00f6nnen auf dem Server zu Backup-\/Logging-\/Statistikzwecken f\u00fcr einen Zeitraum gespeichert werden, der 26 Monate nicht \u00fcberschreitet, danach werden sie automatisch gel\u00f6scht.<\/p>\n<p>&nbsp;<\/p>\n<\/p>\n<p>Die pers\u00f6nlichen Daten des Nutzers werden als vertraulich betrachtet und auch so behandelt. Sie werden daher niemals ohne seine vorherige Zustimmung an Dritte verkauft oder weitergegeben.<\/p>\n<p>&nbsp;<\/p>\n<\/p>\n<p>Der Nutzer hat das Recht, seine pers\u00f6nlichen Daten jederzeit einzusehen, zu korrigieren, zu aktualisieren und deren L\u00f6schung zu verlangen, indem er eine schriftliche Anfrage an diese Adresse richtet : <a href=\"mailto:info@bheintz.lu\">info@bheintz.lu<\/a><\/p>\n<p>&nbsp;<\/p>\n<\/p>\n<h2 class=\"wp-block-heading\">Verwendung von Cookies<\/h2>\n<p>&nbsp;<\/p>\n<\/p>\n<h3 class=\"wp-block-heading\">Von der Seite abgelegte Cookies<\/h3>\n<p>&nbsp;<\/p>\n<\/p>\n<p>Wie die meisten Websites verwendet auch diese Website Cookies. Cookies sind kleine, harmlose Textdateien, die weder die Privatsph\u00e4re des Nutzers noch die Sicherheit seines Ger\u00e4ts beeintr\u00e4chtigen.<\/p>\n<p>&nbsp;<\/p>\n<\/p>\n<p>Die Seite verwendet Cookies, um die Nutzererfahrung und die Leistung der Seite zu verbessern.<\/p>\n<p>&nbsp;<\/p>\n<\/p>\n<h3 class=\"wp-block-heading\">Analytische Cookies<\/h3>\n<p>&nbsp;<\/p>\n<\/p>\n<p>Diese Website benutzt Google Analytics, einen Webanalysedienst der Google Inc. (&#8222;Google \u00bb). Google Analytics verwendet Cookies, um dem Herausgeber dabei zu helfen, die Nutzung der Website durch seine Nutzer zu analysieren. Die durch den Cookie erzeugten Informationen \u00fcber die Nutzung der Website durch den Nutzer (einschlie\u00dflich der IP-Adresse des Nutzers, deren letztes Oktett vor der Speicherung mithilfe der Methode <a href=\"https:\/\/support.google.com\/analytics\/answer\/2763052?hl=fr\" target=\"_blank\" rel=\"noreferrer noopener\">\u201e_anonymizeIp()\u201c<\/a> gek\u00fcrzt wurde) werden von Google an Server in den USA \u00fcbertragen und dort gespeichert.<\/p>\n<p>&nbsp;<\/p>\n<\/p>\n<p>Google wird diese Informationen verwenden, um auszuwerten, wie der Nutzer die Website nutzt, um Berichte \u00fcber die Website-Aktivit\u00e4t f\u00fcr den Herausgeber und die Betreiber der Website zusammenzustellen und um andere Dienstleistungen im Zusammenhang mit der Website-Aktivit\u00e4t und der Internetnutzung zu erbringen.<\/p>\n<p>&nbsp;<\/p>\n<\/p>\n<p>Google kann diese Daten an Dritte weitergeben, wenn dies gesetzlich vorgeschrieben ist oder wenn diese Dritten die Daten im Auftrag von Google verarbeiten. Google wird die IP-Adresse des Nutzers nicht mit anderen Daten, die sich im Besitz von Google befinden, in Verbindung bringen.<\/p>\n<p>&nbsp;<\/p>\n<\/p>\n<p>Durch die Nutzung der Website erkl\u00e4rt sich der Nutzer ausdr\u00fccklich mit der Bearbeitung der \u00fcber ihn erhobenen Daten durch Google in der zuvor beschriebenen Art und Weise und zu dem zuvor benannten Zweck einverstanden. Wenn dies nicht der Fall ist, muss der Nutzer die Cookie-Einstellungen in seinem Browser wie unten erl\u00e4utert \u00e4ndern.<\/p>\n<p>&nbsp;<\/p>\n<\/p>\n<p>Der Nutzer kann sich daf\u00fcr entscheiden, die Verfolgung durch Google Analytics auf der Website zu deaktivieren, indem er auf diesen <a href=\"https:\/\/www.boissonsheintz.lu\/mentions-legales\/#\">Link klickt. <\/a> Dadurch wird ein Opt-out-Cookie auf dem Ger\u00e4t des Nutzers abgelegt, das verhindert, dass die Sitzungen des Nutzers verfolgt oder nachverfolgt werden k\u00f6nnen, solange das Cookie auf dem Ger\u00e4t des Nutzers verbleibt.<\/p>\n<p>&nbsp;<\/p>\n<\/p>\n<h3 class=\"wp-block-heading\">Verwendung von Google Maps<\/h3>\n<p>&nbsp;<\/p>\n<\/p>\n<p>Die Website kann die API von Google Maps verwenden, einem Kartendienst der Google Inc. (\u201eGoogle\u201c), um geografische Informationen in Form von visuellen Karten anzuzeigen. Bei der Nutzung von Google Maps werden Informationen \u00fcber die Nutzung der Karten gesammelt, und diese Daten werden in Cookies gespeichert und an Google weitergeleitet. Weitere Informationen dar\u00fcber, wie Google diese Daten verarbeitet und nutzt, finden Sie in <a href=\"https:\/\/policies.google.com\/privacy\" target=\"_blank\" rel=\"noreferrer noopener\">der Datenschutzrichtlinie von Google. <\/a> Hier kann der Nutzer auch seine Datenschutzeinstellungen f\u00fcr die Google-Dienste anpassen.<\/p>\n<p>&nbsp;<\/p>\n<\/p>\n<h3 class=\"wp-block-heading\">Eingebettete Videos von YouTube<\/h3>\n<p>&nbsp;<\/p>\n<\/p>\n<p>Die Website kann eingebettete Videos enthalten, die auf YouTube gehostet werden, das der YouTube LLC CA, USA, geh\u00f6rt. Wenn der Nutzer eine Seite mit einem eingebetteten YouTube-Video besucht, werden Informationen \u00fcber die Ansicht und Nutzung des Videos durch den Nutzer gesammelt, in Cookies gespeichert und an YouTube weitergeleitet. Wenn der Browser des Nutzers in YouTube authentifiziert wird, kann die pers\u00f6nliche Identifikation des Nutzers auch an YouTube \u00fcbermittelt werden.<\/p>\n<p>&nbsp;<\/p>\n<\/p>\n<p>Der Nutzer kann diese pers\u00f6nliche Identifizierung vermeiden, indem er sich vor der Nutzung der Website in seinem Browser von YouTube abmeldet.<\/p>\n<p>&nbsp;<\/p>\n<\/p>\n<h3 class=\"wp-block-heading\">Integrierte Facebook-Plug-ins<\/h3>\n<p>&nbsp;<\/p>\n<\/p>\n<p>Der Herausgeber verwendet Facebook-Plug-ins, einen Dienst, der vom sozialen Netzwerk Facebook, Inc. (im Folgenden \u201eFacebook\u201c genannt).<\/p>\n<p>&nbsp;<\/p>\n<\/p>\n<p>Wenn der Nutzer eine Seite der Website besucht, die ein integriertes Facebook-Plug-in enth\u00e4lt (Beitr\u00e4ge, Like-Buttons, Teilen-Buttons, Kommentare usw.), wird das Plug-in von den Servern von Facebook geladen und Facebook erh\u00e4lt folglich Informationen \u00fcber die IP-Adresse des Nutzers, die von ihm besuchte Seite sowie das Datum und die Uhrzeit des Besuchs.<\/p>\n<p>&nbsp;<\/p>\n<\/p>\n<p>F\u00fcr den Fall, dass der Browser des Nutzers zuvor auf Facebook.com \u00fcber eine Anmeldung des Facebook-Kontos des Nutzers authentifiziert wurde, kann Facebook den betreffenden Nutzer identifizieren und seinen Besuch auf der Website des Herausgebers mit den Daten des Facebook-Nutzers verkn\u00fcpfen. Dar\u00fcber hinaus sammelt Facebook Daten \u00fcber die Nutzung und Interaktion mit seinen Plug-ins und kann diese Informationen im pers\u00f6nlichen Profil der Facebook-Nutzer ver\u00f6ffentlichen.<\/p>\n<p>&nbsp;<\/p>\n<\/p>\n<p>Der Nutzer kann dieses Verhalten ablehnen, indem er sich vor dem Besuch der Website des Herausgebers in seinem Browser von Facebook abmeldet oder indem er ein Add-on f\u00fcr seinen Browser installiert, mit dem jegliche Informationssammlung durch Facebook blockiert werden kann.<\/p>\n<p>&nbsp;<\/p>\n<\/p>\n<p>Weitere Informationen \u00fcber die Datenschutzrichtlinie von Facebook und die verschiedenen M\u00f6glichkeiten, der Datenerfassung durch Facebook zu widersprechen, kann der Nutzer unter <a href=\"https:\/\/www.facebook.com\/policy.php\" target=\"_blank\" rel=\"noreferrer noopener\">https:\/\/www.facebook.com\/policy.php<\/a> abrufen.<\/p>\n<p>&nbsp;<\/p>\n<\/p>\n<h3 class=\"wp-block-heading\">Einstellen von Cookies<\/h3>\n<p>&nbsp;<\/p>\n<\/p>\n<p>Da die Website ohne die Verwendung der von der Website abgelegten Cookies nicht funktionieren kann, fordert der Herausgeber jeden Nutzer, der die Verwendung dieser Cookies ablehnt, auf, die Website zu verlassen und seine Browsersitzung sofort zu beenden.<\/p>\n<p>&nbsp;<\/p>\n<\/p>\n<p>Der Nutzer kann bestimmte Cookies, die von Drittparteien oder Partnern ausgegeben werden, ablehnen, indem er die Einstellungen seines Browsers anpasst. In einem solchen Fall kann es sein, dass der Nutzer nicht mehr alle Funktionen, Dienste, Anwendungen oder Werkzeuge der Website nutzen kann. Um zu erfahren, wie man die Cookie-Einstellungen in seinem Browser \u00e4ndert, sollte der Nutzer die Dokumentation seines Browsers zu Rate ziehen.<\/p>\n<p>&nbsp;<\/p>\n<\/p>\n<p>Version: 28\/11\/2023<\/p>\n<p>&nbsp;<\/p>\n<\/p>\n<p>[\/et_pb_text][\/et_pb_column][\/et_pb_row][\/et_pb_section]<\/p>\n","protected":false},"excerpt":{"rendered":"<p>Besitzer der Seite &nbsp; Boissons Heintz S\u00e0rl 34, Z.A.E.R. Op der H\u00e9iL-9809 HosingenLuxembourg &nbsp; info@bheintz.lu+352 99 80 81-1 &nbsp; Nr. TVA: LU 354 92 986 &nbsp; Geistiges Eigentum &amp; eingetragene Marken &nbsp; Website: \u00a9 2008-2024 Boissons Heintz , alle Rechte vorbehalten. &nbsp; Fotos und Illustrationen: \u00a9 Boissons Heintz ; &nbsp; Die gesamte Website unterliegt den [&hellip;]<\/p>\n","protected":false},"author":1,"featured_media":0,"parent":0,"menu_order":0,"comment_status":"closed","ping_status":"closed","template":"","meta":{"_et_pb_use_builder":"on","_et_pb_old_content":"","_et_gb_content_width":"","inline_featured_image":false,"footnotes":""},"class_list":["post-1255","page","type-page","status-publish","hentry"],"yoast_head":"<!-- This site is optimized with the Yoast SEO plugin v27.5 - https:\/\/yoast.com\/product\/yoast-seo-wordpress\/ -->\n<title>Rechtliche Hinweise - Boissons Heintz<\/title>\n<meta name=\"robots\" content=\"index, follow, max-snippet:-1, max-image-preview:large, max-video-preview:-1\" \/>\n<link rel=\"canonical\" href=\"https:\/\/boissonsheintz.lu\/de\/rechtliche-hinweise\/\" \/>\n<meta property=\"og:locale\" content=\"de_DE\" \/>\n<meta property=\"og:type\" content=\"article\" \/>\n<meta property=\"og:title\" content=\"Rechtliche Hinweise - Boissons Heintz\" \/>\n<meta property=\"og:description\" content=\"Besitzer der Seite &nbsp; Boissons Heintz S\u00e0rl 34, Z.A.E.R. Op der H\u00e9iL-9809 HosingenLuxembourg &nbsp; info@bheintz.lu+352 99 80 81-1 &nbsp; Nr. TVA: LU 354 92 986 &nbsp; Geistiges Eigentum &amp; eingetragene Marken &nbsp; Website: \u00a9 2008-2024 Boissons Heintz , alle Rechte vorbehalten. &nbsp; Fotos und Illustrationen: \u00a9 Boissons Heintz ; &nbsp; Die gesamte Website unterliegt den [&hellip;]\" \/>\n<meta property=\"og:url\" content=\"https:\/\/boissonsheintz.lu\/de\/rechtliche-hinweise\/\" \/>\n<meta property=\"og:site_name\" content=\"Boissons Heintz\" \/>\n<meta property=\"article:publisher\" content=\"https:\/\/www.boissonsheintz.lu\/facebook\/\" \/>\n<meta property=\"article:modified_time\" content=\"2026-02-23T13:18:17+00:00\" \/>\n<meta name=\"twitter:card\" content=\"summary_large_image\" \/>\n<meta name=\"twitter:label1\" content=\"Gesch\u00e4tzte Lesezeit\" \/>\n\t<meta name=\"twitter:data1\" content=\"9\u00a0Minuten\" \/>\n<script type=\"application\/ld+json\" class=\"yoast-schema-graph\">{\"@context\":\"https:\\\/\\\/schema.org\",\"@graph\":[{\"@type\":\"WebPage\",\"@id\":\"https:\\\/\\\/boissonsheintz.lu\\\/de\\\/rechtliche-hinweise\\\/\",\"url\":\"https:\\\/\\\/boissonsheintz.lu\\\/de\\\/rechtliche-hinweise\\\/\",\"name\":\"Rechtliche Hinweise - Boissons Heintz\",\"isPartOf\":{\"@id\":\"https:\\\/\\\/boissonsheintz.lu\\\/de\\\/#website\"},\"datePublished\":\"2024-02-28T17:12:21+00:00\",\"dateModified\":\"2026-02-23T13:18:17+00:00\",\"breadcrumb\":{\"@id\":\"https:\\\/\\\/boissonsheintz.lu\\\/de\\\/rechtliche-hinweise\\\/#breadcrumb\"},\"inLanguage\":\"de\",\"potentialAction\":[{\"@type\":\"ReadAction\",\"target\":[\"https:\\\/\\\/boissonsheintz.lu\\\/de\\\/rechtliche-hinweise\\\/\"]}]},{\"@type\":\"BreadcrumbList\",\"@id\":\"https:\\\/\\\/boissonsheintz.lu\\\/de\\\/rechtliche-hinweise\\\/#breadcrumb\",\"itemListElement\":[{\"@type\":\"ListItem\",\"position\":1,\"name\":\"Home\",\"item\":\"https:\\\/\\\/boissonsheintz.lu\\\/de\\\/\"},{\"@type\":\"ListItem\",\"position\":2,\"name\":\"Rechtliche Hinweise\"}]},{\"@type\":\"WebSite\",\"@id\":\"https:\\\/\\\/boissonsheintz.lu\\\/de\\\/#website\",\"url\":\"https:\\\/\\\/boissonsheintz.lu\\\/de\\\/\",\"name\":\"Boissons Heintz\",\"description\":\"\",\"publisher\":{\"@id\":\"https:\\\/\\\/boissonsheintz.lu\\\/de\\\/#organization\"},\"potentialAction\":[{\"@type\":\"SearchAction\",\"target\":{\"@type\":\"EntryPoint\",\"urlTemplate\":\"https:\\\/\\\/boissonsheintz.lu\\\/de\\\/?s={search_term_string}\"},\"query-input\":{\"@type\":\"PropertyValueSpecification\",\"valueRequired\":true,\"valueName\":\"search_term_string\"}}],\"inLanguage\":\"de\"},{\"@type\":\"Organization\",\"@id\":\"https:\\\/\\\/boissonsheintz.lu\\\/de\\\/#organization\",\"name\":\"Boissons Heintz SA\",\"url\":\"https:\\\/\\\/boissonsheintz.lu\\\/de\\\/\",\"logo\":{\"@type\":\"ImageObject\",\"inLanguage\":\"de\",\"@id\":\"https:\\\/\\\/boissonsheintz.lu\\\/de\\\/#\\\/schema\\\/logo\\\/image\\\/\",\"url\":\"https:\\\/\\\/boissonsheintz.lu\\\/wp-content\\\/uploads\\\/header-logo.png\",\"contentUrl\":\"https:\\\/\\\/boissonsheintz.lu\\\/wp-content\\\/uploads\\\/header-logo.png\",\"width\":872,\"height\":676,\"caption\":\"Boissons Heintz SA\"},\"image\":{\"@id\":\"https:\\\/\\\/boissonsheintz.lu\\\/de\\\/#\\\/schema\\\/logo\\\/image\\\/\"},\"sameAs\":[\"https:\\\/\\\/www.boissonsheintz.lu\\\/facebook\\\/\"]}]}<\/script>\n<!-- \/ Yoast SEO plugin. -->","yoast_head_json":{"title":"Rechtliche Hinweise - Boissons Heintz","robots":{"index":"index","follow":"follow","max-snippet":"max-snippet:-1","max-image-preview":"max-image-preview:large","max-video-preview":"max-video-preview:-1"},"canonical":"https:\/\/boissonsheintz.lu\/de\/rechtliche-hinweise\/","og_locale":"de_DE","og_type":"article","og_title":"Rechtliche Hinweise - Boissons Heintz","og_description":"Besitzer der Seite &nbsp; Boissons Heintz S\u00e0rl 34, Z.A.E.R. Op der H\u00e9iL-9809 HosingenLuxembourg &nbsp; info@bheintz.lu+352 99 80 81-1 &nbsp; Nr. TVA: LU 354 92 986 &nbsp; Geistiges Eigentum &amp; eingetragene Marken &nbsp; Website: \u00a9 2008-2024 Boissons Heintz , alle Rechte vorbehalten. &nbsp; Fotos und Illustrationen: \u00a9 Boissons Heintz ; &nbsp; Die gesamte Website unterliegt den [&hellip;]","og_url":"https:\/\/boissonsheintz.lu\/de\/rechtliche-hinweise\/","og_site_name":"Boissons Heintz","article_publisher":"https:\/\/www.boissonsheintz.lu\/facebook\/","article_modified_time":"2026-02-23T13:18:17+00:00","twitter_card":"summary_large_image","twitter_misc":{"Gesch\u00e4tzte Lesezeit":"9\u00a0Minuten"},"schema":{"@context":"https:\/\/schema.org","@graph":[{"@type":"WebPage","@id":"https:\/\/boissonsheintz.lu\/de\/rechtliche-hinweise\/","url":"https:\/\/boissonsheintz.lu\/de\/rechtliche-hinweise\/","name":"Rechtliche Hinweise - Boissons Heintz","isPartOf":{"@id":"https:\/\/boissonsheintz.lu\/de\/#website"},"datePublished":"2024-02-28T17:12:21+00:00","dateModified":"2026-02-23T13:18:17+00:00","breadcrumb":{"@id":"https:\/\/boissonsheintz.lu\/de\/rechtliche-hinweise\/#breadcrumb"},"inLanguage":"de","potentialAction":[{"@type":"ReadAction","target":["https:\/\/boissonsheintz.lu\/de\/rechtliche-hinweise\/"]}]},{"@type":"BreadcrumbList","@id":"https:\/\/boissonsheintz.lu\/de\/rechtliche-hinweise\/#breadcrumb","itemListElement":[{"@type":"ListItem","position":1,"name":"Home","item":"https:\/\/boissonsheintz.lu\/de\/"},{"@type":"ListItem","position":2,"name":"Rechtliche Hinweise"}]},{"@type":"WebSite","@id":"https:\/\/boissonsheintz.lu\/de\/#website","url":"https:\/\/boissonsheintz.lu\/de\/","name":"Boissons Heintz","description":"","publisher":{"@id":"https:\/\/boissonsheintz.lu\/de\/#organization"},"potentialAction":[{"@type":"SearchAction","target":{"@type":"EntryPoint","urlTemplate":"https:\/\/boissonsheintz.lu\/de\/?s={search_term_string}"},"query-input":{"@type":"PropertyValueSpecification","valueRequired":true,"valueName":"search_term_string"}}],"inLanguage":"de"},{"@type":"Organization","@id":"https:\/\/boissonsheintz.lu\/de\/#organization","name":"Boissons Heintz SA","url":"https:\/\/boissonsheintz.lu\/de\/","logo":{"@type":"ImageObject","inLanguage":"de","@id":"https:\/\/boissonsheintz.lu\/de\/#\/schema\/logo\/image\/","url":"https:\/\/boissonsheintz.lu\/wp-content\/uploads\/header-logo.png","contentUrl":"https:\/\/boissonsheintz.lu\/wp-content\/uploads\/header-logo.png","width":872,"height":676,"caption":"Boissons Heintz SA"},"image":{"@id":"https:\/\/boissonsheintz.lu\/de\/#\/schema\/logo\/image\/"},"sameAs":["https:\/\/www.boissonsheintz.lu\/facebook\/"]}]}},"_links":{"self":[{"href":"https:\/\/boissonsheintz.lu\/de\/wp-json\/wp\/v2\/pages\/1255","targetHints":{"allow":["GET"]}}],"collection":[{"href":"https:\/\/boissonsheintz.lu\/de\/wp-json\/wp\/v2\/pages"}],"about":[{"href":"https:\/\/boissonsheintz.lu\/de\/wp-json\/wp\/v2\/types\/page"}],"author":[{"embeddable":true,"href":"https:\/\/boissonsheintz.lu\/de\/wp-json\/wp\/v2\/users\/1"}],"replies":[{"embeddable":true,"href":"https:\/\/boissonsheintz.lu\/de\/wp-json\/wp\/v2\/comments?post=1255"}],"version-history":[{"count":2,"href":"https:\/\/boissonsheintz.lu\/de\/wp-json\/wp\/v2\/pages\/1255\/revisions"}],"predecessor-version":[{"id":2531,"href":"https:\/\/boissonsheintz.lu\/de\/wp-json\/wp\/v2\/pages\/1255\/revisions\/2531"}],"wp:attachment":[{"href":"https:\/\/boissonsheintz.lu\/de\/wp-json\/wp\/v2\/media?parent=1255"}],"curies":[{"name":"wp","href":"https:\/\/api.w.org\/{rel}","templated":true}]}}