{"id":1249,"date":"2024-02-12T15:33:32","date_gmt":"2024-02-12T15:33:32","guid":{"rendered":"https:\/\/boissonsheintz.lu\/das-unternehmen\/"},"modified":"2024-10-07T07:48:44","modified_gmt":"2024-10-07T07:48:44","slug":"das-unternehmen","status":"publish","type":"page","link":"https:\/\/boissonsheintz.lu\/de\/das-unternehmen\/","title":{"rendered":"Das Unternehmen"},"content":{"rendered":"<p>[et_pb_section fb_built=&#8220;1&#8243; fullwidth=&#8220;on&#8220; _builder_version=&#8220;4.23.4&#8243; _module_preset=&#8220;default&#8220; da_disable_devices=&#8220;off|off|off&#8220; global_colors_info=&#8220;{}&#8220; da_is_popup=&#8220;off&#8220; da_exit_intent=&#8220;off&#8220; da_has_close=&#8220;on&#8220; da_alt_close=&#8220;off&#8220; da_dark_close=&#8220;off&#8220; da_not_modal=&#8220;on&#8220; da_is_singular=&#8220;off&#8220; da_with_loader=&#8220;off&#8220; da_has_shadow=&#8220;on&#8220;][et_pb_fullwidth_header title=&#8220;\u00dcber uns&#8220; _builder_version=&#8220;4.23.4&#8243; _module_preset=&#8220;default&#8220; background_enable_color=&#8220;off&#8220; global_colors_info=&#8220;{}&#8220;][\/et_pb_fullwidth_header][\/et_pb_section][et_pb_section fb_built=&#8220;1&#8243; _builder_version=&#8220;4.23.4&#8243; _module_preset=&#8220;default&#8220; background_color=&#8220;#003a80&#8243; custom_padding=&#8220;0px||0px||false|false&#8220; da_disable_devices=&#8220;off|off|off&#8220; saved_tabs=&#8220;all&#8220; locked=&#8220;off&#8220; global_colors_info=&#8220;{}&#8220; da_is_popup=&#8220;off&#8220; da_exit_intent=&#8220;off&#8220; da_has_close=&#8220;on&#8220; da_alt_close=&#8220;off&#8220; da_dark_close=&#8220;off&#8220; da_not_modal=&#8220;on&#8220; da_is_singular=&#8220;off&#8220; da_with_loader=&#8220;off&#8220; da_has_shadow=&#8220;on&#8220;][et_pb_row _builder_version=&#8220;4.23.4&#8243; _module_preset=&#8220;default&#8220; width=&#8220;100%&#8220; max_width=&#8220;100%&#8220; custom_padding=&#8220;0px||0px||false|false&#8220; global_colors_info=&#8220;{}&#8220;][et_pb_column type=&#8220;4_4&#8243; _builder_version=&#8220;4.23.4&#8243; _module_preset=&#8220;default&#8220; global_colors_info=&#8220;{}&#8220;][et_pb_code _builder_version=&#8220;4.27.2&#8243; _module_preset=&#8220;default&#8220; custom_padding=&#8220;10px||10px||true|false&#8220; hover_enabled=&#8220;0&#8243; global_colors_info=&#8220;{}&#8220; sticky_enabled=&#8220;0&#8243;]<div id=\"mega-menu-wrap-max_mega_menu_4\" class=\"mega-menu-wrap\"><div class=\"mega-menu-toggle\"><div class=\"mega-toggle-blocks-left\"><\/div><div class=\"mega-toggle-blocks-center\"><\/div><div class=\"mega-toggle-blocks-right\"><div class='mega-toggle-block mega-menu-toggle-animated-block mega-toggle-block-0' id='mega-toggle-block-0'><button aria-label=\"Toggle Menu\" class=\"mega-toggle-animated mega-toggle-animated-slider\" type=\"button\" aria-haspopup=\"true\" aria-expanded=\"false\" aria-controls=\"mega-menu-max_mega_menu_4\">\n                  <span class=\"mega-toggle-animated-box\">\n                    <span class=\"mega-toggle-animated-inner\"><\/span>\n                  <\/span>\n                <\/button><\/div><\/div><\/div><ul id=\"mega-menu-max_mega_menu_4\" class=\"mega-menu max-mega-menu mega-menu-horizontal mega-no-js\" data-event=\"hover_intent\" data-effect=\"fade_up\" data-effect-speed=\"200\" data-effect-mobile=\"disabled\" data-effect-speed-mobile=\"0\" data-mobile-force-width=\"false\" data-second-click=\"go\" data-document-click=\"collapse\" data-vertical-behaviour=\"standard\" data-breakpoint=\"0\" data-unbind=\"true\" data-mobile-state=\"collapse_all\" data-mobile-direction=\"vertical\" data-hover-intent-timeout=\"300\" data-hover-intent-interval=\"100\" data-overlay-desktop=\"false\" data-overlay-mobile=\"false\"><li class=\"mega-menu-item mega-menu-item-type-post_type mega-menu-item-object-page mega-align-bottom-left mega-menu-flyout mega-menu-item-568\" id=\"mega-menu-item-568\"><a class=\"mega-menu-link\" href=\"https:\/\/boissonsheintz.lu\/entreprise\/\">\u00c0 propos<\/a><\/li><li class=\"mega-menu-item mega-menu-item-type-post_type mega-menu-item-object-page mega-align-bottom-left mega-menu-flyout mega-menu-item-599\" id=\"mega-menu-item-599\"><a class=\"mega-menu-link\" href=\"https:\/\/boissonsheintz.lu\/entreprise\/historique\/\">Historique<\/a><\/li><\/ul><\/div>[\/et_pb_code][\/et_pb_column][\/et_pb_row][\/et_pb_section][et_pb_section fb_built=&#8220;1&#8243; _builder_version=&#8220;4.23.4&#8243; _module_preset=&#8220;default&#8220; custom_padding=&#8220;||||false|false&#8220; da_disable_devices=&#8220;off|off|off&#8220; locked=&#8220;off&#8220; global_colors_info=&#8220;{}&#8220; da_is_popup=&#8220;off&#8220; da_exit_intent=&#8220;off&#8220; da_has_close=&#8220;on&#8220; da_alt_close=&#8220;off&#8220; da_dark_close=&#8220;off&#8220; da_not_modal=&#8220;on&#8220; da_is_singular=&#8220;off&#8220; da_with_loader=&#8220;off&#8220; da_has_shadow=&#8220;on&#8220;][et_pb_row column_structure=&#8220;1_2,1_2&#8243; use_custom_gutter=&#8220;on&#8220; gutter_width=&#8220;2&#8243; _builder_version=&#8220;4.23.4&#8243; _module_preset=&#8220;default&#8220; background_enable_image=&#8220;off&#8220; custom_padding=&#8220;||||false|false&#8220; global_colors_info=&#8220;{}&#8220;][et_pb_column type=&#8220;1_2&#8243; _builder_version=&#8220;4.23.4&#8243; _module_preset=&#8220;default&#8220; global_colors_info=&#8220;{}&#8220;][et_pb_text _builder_version=&#8220;4.23.4&#8243; _module_preset=&#8220;default&#8220; header_text_align=&#8220;left&#8220; header_font_size=&#8220;50px&#8220; header_2_line_height=&#8220;1.2em&#8220; header_font_size_tablet=&#8220;35px&#8220; header_font_size_phone=&#8220;23px&#8220; header_font_size_last_edited=&#8220;on|tablet&#8220; global_colors_info=&#8220;{}&#8220;]<\/p>\n<h2>Boissons Heintz<\/h2>\n<p>[\/et_pb_text][et_pb_text _builder_version=&#8220;4.23.4&#8243; _module_preset=&#8220;default&#8220; text_font_size=&#8220;16px&#8220; header_2_line_height=&#8220;1.2em&#8220; global_colors_info=&#8220;{}&#8220;]<\/p>\n<p>Seit 100 Jahren ist die Firma Boissons Heintz im Verkauf und Vertrieb von Getr\u00e4nken wie Bier, Wasser, Softdrinks, S\u00e4ften, Wein, Spirituosen, Kaffee usw. t\u00e4tig.<\/p>\n<p>Angefangen als Limonadenhersteller und Bierabf\u00fcller, vermarktet das Unternehmen heute \u00fcber 3500 Artikel im Gro\u00dfherzogtum Luxemburg.<\/p>\n<p>Etwa 2000 aktive Kunden werden regelm\u00e4\u00dfig mithilfe einer Flotte von \u00fcber 25 Lastwagen und Kleintransportern beliefert, die t\u00e4glich in der Region unterwegs sind.<\/p>\n<p>[\/et_pb_text][\/et_pb_column][et_pb_column type=&#8220;1_2&#8243; _builder_version=&#8220;4.23.4&#8243; _module_preset=&#8220;default&#8220; global_colors_info=&#8220;{}&#8220;][et_pb_image src=&#8220;https:\/\/boissonsheintz.lu\/wp-content\/uploads\/97117-640-0-Max.jpg&#8220; title_text=&#8220;97117-640-0-Max&#8220; _builder_version=&#8220;4.23.4&#8243; _module_preset=&#8220;default&#8220; global_colors_info=&#8220;{}&#8220;][\/et_pb_image][\/et_pb_column][\/et_pb_row][\/et_pb_section][et_pb_section fb_built=&#8220;1&#8243; _builder_version=&#8220;4.23.4&#8243; _module_preset=&#8220;default&#8220; custom_padding=&#8220;||||false|false&#8220; da_disable_devices=&#8220;off|off|off&#8220; locked=&#8220;off&#8220; global_colors_info=&#8220;{}&#8220; da_is_popup=&#8220;off&#8220; da_exit_intent=&#8220;off&#8220; da_has_close=&#8220;on&#8220; da_alt_close=&#8220;off&#8220; da_dark_close=&#8220;off&#8220; da_not_modal=&#8220;on&#8220; da_is_singular=&#8220;off&#8220; da_with_loader=&#8220;off&#8220; da_has_shadow=&#8220;on&#8220;][et_pb_row column_structure=&#8220;1_2,1_2&#8243; use_custom_gutter=&#8220;on&#8220; gutter_width=&#8220;2&#8243; _builder_version=&#8220;4.23.4&#8243; _module_preset=&#8220;default&#8220; background_enable_image=&#8220;off&#8220; custom_padding=&#8220;||||false|false&#8220; global_colors_info=&#8220;{}&#8220;][et_pb_column type=&#8220;1_2&#8243; _builder_version=&#8220;4.23.4&#8243; _module_preset=&#8220;default&#8220; global_colors_info=&#8220;{}&#8220;][et_pb_image src=&#8220;https:\/\/boissonsheintz.lu\/wp-content\/uploads\/97080-640-0-Max.jpg&#8220; title_text=&#8220;97080-640-0-Max&#8220; _builder_version=&#8220;4.23.4&#8243; _module_preset=&#8220;default&#8220; global_colors_info=&#8220;{}&#8220;][\/et_pb_image][\/et_pb_column][et_pb_column type=&#8220;1_2&#8243; _builder_version=&#8220;4.23.4&#8243; _module_preset=&#8220;default&#8220; global_colors_info=&#8220;{}&#8220;][et_pb_text _builder_version=&#8220;4.23.4&#8243; _module_preset=&#8220;default&#8220; header_text_align=&#8220;left&#8220; header_font_size=&#8220;50px&#8220; header_2_line_height=&#8220;1.2em&#8220; header_font_size_tablet=&#8220;35px&#8220; header_font_size_phone=&#8220;23px&#8220; header_font_size_last_edited=&#8220;on|tablet&#8220; global_colors_info=&#8220;{}&#8220;]<\/p>\n<h2>T\u00e4tigkeit<\/h2>\n<p>[\/et_pb_text][et_pb_text _builder_version=&#8220;4.23.4&#8243; _module_preset=&#8220;default&#8220; text_font_size=&#8220;16px&#8220; header_2_line_height=&#8220;1.2em&#8220; global_colors_info=&#8220;{}&#8220;]<\/p>\n<p>Neben ihrer Hauptaktivit\u00e4t, dem Verkauf und Vertrieb von Getr\u00e4nken, bietet die Firma Boissons Heintz ihren Kunden zus\u00e4tzliche Dienstleistungen an wie zum Beispiel die Verkostung und Vermarktung von feinen Weinen \u00fcber die Marke \u201eLe Cellier\u201c.<\/p>\n<p>Das Team von Boissons Heintz besteht heute aus etwa 70 Mitarbeitern, von denen 40% seit mehr als 10 Jahren dabei sind.<\/p>\n<p>[\/et_pb_text][\/et_pb_column][\/et_pb_row][\/et_pb_section][et_pb_section fb_built=&#8220;1&#8243; _builder_version=&#8220;4.23.4&#8243; _module_preset=&#8220;default&#8220; custom_padding=&#8220;||||false|false&#8220; da_disable_devices=&#8220;off|off|off&#8220; locked=&#8220;off&#8220; global_colors_info=&#8220;{}&#8220; da_is_popup=&#8220;off&#8220; da_exit_intent=&#8220;off&#8220; da_has_close=&#8220;on&#8220; da_alt_close=&#8220;off&#8220; da_dark_close=&#8220;off&#8220; da_not_modal=&#8220;on&#8220; da_is_singular=&#8220;off&#8220; da_with_loader=&#8220;off&#8220; da_has_shadow=&#8220;on&#8220;][et_pb_row column_structure=&#8220;1_2,1_2&#8243; use_custom_gutter=&#8220;on&#8220; gutter_width=&#8220;2&#8243; _builder_version=&#8220;4.23.4&#8243; _module_preset=&#8220;default&#8220; background_enable_image=&#8220;off&#8220; custom_padding=&#8220;||||false|false&#8220; global_colors_info=&#8220;{}&#8220;][et_pb_column type=&#8220;1_2&#8243; _builder_version=&#8220;4.23.4&#8243; _module_preset=&#8220;default&#8220; global_colors_info=&#8220;{}&#8220;][et_pb_text _builder_version=&#8220;4.27.2&#8243; _module_preset=&#8220;default&#8220; header_text_align=&#8220;left&#8220; header_font_size=&#8220;50px&#8220; header_2_line_height=&#8220;1.2em&#8220; hover_enabled=&#8220;0&#8243; header_font_size_tablet=&#8220;35px&#8220; header_font_size_phone=&#8220;23px&#8220; header_font_size_last_edited=&#8220;on|tablet&#8220; global_colors_info=&#8220;{}&#8220; sticky_enabled=&#8220;0&#8243;]<\/p>\n<h2>Lage<\/h2>\n<p>[\/et_pb_text][et_pb_text _builder_version=&#8220;4.23.4&#8243; _module_preset=&#8220;default&#8220; text_font_size=&#8220;16px&#8220; header_2_line_height=&#8220;1.2em&#8220; global_colors_info=&#8220;{}&#8220;]<\/p>\n<p><span>Die Firma Boissons Heintz befindet sich in der Z.A.E.R. (Zone d&#8217;activit\u00e9 \u00e9conomique r\u00e9gionale) in Hosingen.<\/span><\/p>\n<p>[\/et_pb_text][et_pb_button button_url=&#8220;https:\/\/www.google.com\/maps\/dir\/?api=1&#038;destination=50.006302083333331%2C6.0904318576388885&#038;travelmode=driving&#8220; url_new_window=&#8220;on&#8220; button_text=&#8220;Routenplaner&#8220; _builder_version=&#8220;4.23.4&#8243; _module_preset=&#8220;755229a4-4e2e-4c5a-b505-b907aaa0241f&#8220; global_colors_info=&#8220;{}&#8220;][\/et_pb_button][\/et_pb_column][et_pb_column type=&#8220;1_2&#8243; _builder_version=&#8220;4.23.4&#8243; _module_preset=&#8220;default&#8220; global_colors_info=&#8220;{}&#8220;][et_pb_code _builder_version=&#8220;4.24.2&#8243; _module_preset=&#8220;default&#8220; global_colors_info=&#8220;{}&#8220;]<iframe src=\"https:\/\/www.google.com\/maps\/embed?pb=!1m18!1m12!1m3!1d81939.54153643211!2d5.9957925475057054!3d50.074852487911905!2m3!1f0!2f0!3f0!3m2!1i1024!2i768!4f13.1!3m3!1m2!1s0x47bff83edabe1e51%3A0x2323d40a2ea7c74d!2sBOISSONS%20HEINTZ!5e0!3m2!1sfr!2slu!4v1710163625292!5m2!1sfr!2slu\" width=\"600\" height=\"450\" style=\"border:0;\" allowfullscreen=\"\" loading=\"lazy\" referrerpolicy=\"no-referrer-when-downgrade\"><\/iframe>[\/et_pb_code][\/et_pb_column][\/et_pb_row][\/et_pb_section]<\/p>\n","protected":false},"excerpt":{"rendered":"<p><div id=\"mega-menu-wrap-max_mega_menu_4\" class=\"mega-menu-wrap\"><div class=\"mega-menu-toggle\"><div class=\"mega-toggle-blocks-left\"><\/div><div class=\"mega-toggle-blocks-center\"><\/div><div class=\"mega-toggle-blocks-right\"><div class='mega-toggle-block mega-menu-toggle-animated-block mega-toggle-block-0' id='mega-toggle-block-0'><button aria-label=\"Toggle Menu\" class=\"mega-toggle-animated mega-toggle-animated-slider\" type=\"button\" aria-haspopup=\"true\" aria-expanded=\"false\" aria-controls=\"mega-menu-max_mega_menu_4\">\n                  <span class=\"mega-toggle-animated-box\">\n                    <span class=\"mega-toggle-animated-inner\"><\/span>\n                  <\/span>\n                <\/button><\/div><\/div><\/div><ul id=\"mega-menu-max_mega_menu_4\" class=\"mega-menu max-mega-menu mega-menu-horizontal mega-no-js\" data-event=\"hover_intent\" data-effect=\"fade_up\" data-effect-speed=\"200\" data-effect-mobile=\"disabled\" data-effect-speed-mobile=\"0\" data-mobile-force-width=\"false\" data-second-click=\"go\" data-document-click=\"collapse\" data-vertical-behaviour=\"standard\" data-breakpoint=\"0\" data-unbind=\"true\" data-mobile-state=\"collapse_all\" data-mobile-direction=\"vertical\" data-hover-intent-timeout=\"300\" data-hover-intent-interval=\"100\" data-overlay-desktop=\"false\" data-overlay-mobile=\"false\"><li class=\"mega-menu-item mega-menu-item-type-post_type mega-menu-item-object-page mega-align-bottom-left mega-menu-flyout mega-menu-item-568\" id=\"mega-menu-item-568\"><a class=\"mega-menu-link\" href=\"https:\/\/boissonsheintz.lu\/entreprise\/\">\u00c0 propos<\/a><\/li><li class=\"mega-menu-item mega-menu-item-type-post_type mega-menu-item-object-page mega-align-bottom-left mega-menu-flyout mega-menu-item-599\" id=\"mega-menu-item-599\"><a class=\"mega-menu-link\" href=\"https:\/\/boissonsheintz.lu\/entreprise\/historique\/\">Historique<\/a><\/li><\/ul><\/div>Boissons HeintzSeit 100 Jahren ist die Firma Boissons Heintz im Verkauf und Vertrieb von Getr\u00e4nken wie Bier, Wasser, Softdrinks, S\u00e4ften, Wein, Spirituosen, Kaffee usw. t\u00e4tig. Angefangen als Limonadenhersteller und Bierabf\u00fcller, vermarktet das Unternehmen heute \u00fcber 3500 Artikel im Gro\u00dfherzogtum Luxemburg. Etwa 2000 aktive Kunden werden regelm\u00e4\u00dfig mithilfe einer Flotte von \u00fcber 25 Lastwagen und [&hellip;]<\/p>\n","protected":false},"author":1,"featured_media":0,"parent":0,"menu_order":0,"comment_status":"closed","ping_status":"closed","template":"","meta":{"_et_pb_use_builder":"on","_et_pb_old_content":"","_et_gb_content_width":"","inline_featured_image":false,"footnotes":""},"class_list":["post-1249","page","type-page","status-publish","hentry"],"yoast_head":"<!-- This site is optimized with the Yoast SEO plugin v27.4 - https:\/\/yoast.com\/product\/yoast-seo-wordpress\/ -->\n<title>Das Unternehmen - Boissons Heintz<\/title>\n<meta name=\"robots\" content=\"index, follow, max-snippet:-1, max-image-preview:large, max-video-preview:-1\" \/>\n<link rel=\"canonical\" href=\"https:\/\/boissonsheintz.lu\/de\/das-unternehmen\/\" \/>\n<meta property=\"og:locale\" content=\"de_DE\" \/>\n<meta property=\"og:type\" content=\"article\" \/>\n<meta property=\"og:title\" content=\"Das Unternehmen - Boissons Heintz\" \/>\n<meta property=\"og:description\" content=\"Boissons HeintzSeit 100 Jahren ist die Firma Boissons Heintz im Verkauf und Vertrieb von Getr\u00e4nken wie Bier, Wasser, Softdrinks, S\u00e4ften, Wein, Spirituosen, Kaffee usw. t\u00e4tig. Angefangen als Limonadenhersteller und Bierabf\u00fcller, vermarktet das Unternehmen heute \u00fcber 3500 Artikel im Gro\u00dfherzogtum Luxemburg. Etwa 2000 aktive Kunden werden regelm\u00e4\u00dfig mithilfe einer Flotte von \u00fcber 25 Lastwagen und [&hellip;]\" \/>\n<meta property=\"og:url\" content=\"https:\/\/boissonsheintz.lu\/de\/das-unternehmen\/\" \/>\n<meta property=\"og:site_name\" content=\"Boissons Heintz\" \/>\n<meta property=\"article:publisher\" content=\"https:\/\/www.boissonsheintz.lu\/facebook\/\" \/>\n<meta property=\"article:modified_time\" content=\"2024-10-07T07:48:44+00:00\" \/>\n<meta name=\"twitter:card\" content=\"summary_large_image\" \/>\n<meta name=\"twitter:label1\" content=\"Gesch\u00e4tzte Lesezeit\" \/>\n\t<meta name=\"twitter:data1\" content=\"5\u00a0Minuten\" \/>\n<script type=\"application\/ld+json\" class=\"yoast-schema-graph\">{\"@context\":\"https:\\\/\\\/schema.org\",\"@graph\":[{\"@type\":\"WebPage\",\"@id\":\"https:\\\/\\\/boissonsheintz.lu\\\/de\\\/das-unternehmen\\\/\",\"url\":\"https:\\\/\\\/boissonsheintz.lu\\\/de\\\/das-unternehmen\\\/\",\"name\":\"Das Unternehmen - Boissons Heintz\",\"isPartOf\":{\"@id\":\"https:\\\/\\\/boissonsheintz.lu\\\/de\\\/#website\"},\"datePublished\":\"2024-02-12T15:33:32+00:00\",\"dateModified\":\"2024-10-07T07:48:44+00:00\",\"breadcrumb\":{\"@id\":\"https:\\\/\\\/boissonsheintz.lu\\\/de\\\/das-unternehmen\\\/#breadcrumb\"},\"inLanguage\":\"de\",\"potentialAction\":[{\"@type\":\"ReadAction\",\"target\":[\"https:\\\/\\\/boissonsheintz.lu\\\/de\\\/das-unternehmen\\\/\"]}]},{\"@type\":\"BreadcrumbList\",\"@id\":\"https:\\\/\\\/boissonsheintz.lu\\\/de\\\/das-unternehmen\\\/#breadcrumb\",\"itemListElement\":[{\"@type\":\"ListItem\",\"position\":1,\"name\":\"Home\",\"item\":\"https:\\\/\\\/boissonsheintz.lu\\\/de\\\/\"},{\"@type\":\"ListItem\",\"position\":2,\"name\":\"Das Unternehmen\"}]},{\"@type\":\"WebSite\",\"@id\":\"https:\\\/\\\/boissonsheintz.lu\\\/de\\\/#website\",\"url\":\"https:\\\/\\\/boissonsheintz.lu\\\/de\\\/\",\"name\":\"Boissons Heintz\",\"description\":\"\",\"publisher\":{\"@id\":\"https:\\\/\\\/boissonsheintz.lu\\\/de\\\/#organization\"},\"potentialAction\":[{\"@type\":\"SearchAction\",\"target\":{\"@type\":\"EntryPoint\",\"urlTemplate\":\"https:\\\/\\\/boissonsheintz.lu\\\/de\\\/?s={search_term_string}\"},\"query-input\":{\"@type\":\"PropertyValueSpecification\",\"valueRequired\":true,\"valueName\":\"search_term_string\"}}],\"inLanguage\":\"de\"},{\"@type\":\"Organization\",\"@id\":\"https:\\\/\\\/boissonsheintz.lu\\\/de\\\/#organization\",\"name\":\"Boissons Heintz SA\",\"url\":\"https:\\\/\\\/boissonsheintz.lu\\\/de\\\/\",\"logo\":{\"@type\":\"ImageObject\",\"inLanguage\":\"de\",\"@id\":\"https:\\\/\\\/boissonsheintz.lu\\\/de\\\/#\\\/schema\\\/logo\\\/image\\\/\",\"url\":\"https:\\\/\\\/boissonsheintz.lu\\\/wp-content\\\/uploads\\\/header-logo.png\",\"contentUrl\":\"https:\\\/\\\/boissonsheintz.lu\\\/wp-content\\\/uploads\\\/header-logo.png\",\"width\":872,\"height\":676,\"caption\":\"Boissons Heintz SA\"},\"image\":{\"@id\":\"https:\\\/\\\/boissonsheintz.lu\\\/de\\\/#\\\/schema\\\/logo\\\/image\\\/\"},\"sameAs\":[\"https:\\\/\\\/www.boissonsheintz.lu\\\/facebook\\\/\"]}]}<\/script>\n<!-- \/ Yoast SEO plugin. -->","yoast_head_json":{"title":"Das Unternehmen - Boissons Heintz","robots":{"index":"index","follow":"follow","max-snippet":"max-snippet:-1","max-image-preview":"max-image-preview:large","max-video-preview":"max-video-preview:-1"},"canonical":"https:\/\/boissonsheintz.lu\/de\/das-unternehmen\/","og_locale":"de_DE","og_type":"article","og_title":"Das Unternehmen - Boissons Heintz","og_description":"Boissons HeintzSeit 100 Jahren ist die Firma Boissons Heintz im Verkauf und Vertrieb von Getr\u00e4nken wie Bier, Wasser, Softdrinks, S\u00e4ften, Wein, Spirituosen, Kaffee usw. t\u00e4tig. Angefangen als Limonadenhersteller und Bierabf\u00fcller, vermarktet das Unternehmen heute \u00fcber 3500 Artikel im Gro\u00dfherzogtum Luxemburg. Etwa 2000 aktive Kunden werden regelm\u00e4\u00dfig mithilfe einer Flotte von \u00fcber 25 Lastwagen und [&hellip;]","og_url":"https:\/\/boissonsheintz.lu\/de\/das-unternehmen\/","og_site_name":"Boissons Heintz","article_publisher":"https:\/\/www.boissonsheintz.lu\/facebook\/","article_modified_time":"2024-10-07T07:48:44+00:00","twitter_card":"summary_large_image","twitter_misc":{"Gesch\u00e4tzte Lesezeit":"5\u00a0Minuten"},"schema":{"@context":"https:\/\/schema.org","@graph":[{"@type":"WebPage","@id":"https:\/\/boissonsheintz.lu\/de\/das-unternehmen\/","url":"https:\/\/boissonsheintz.lu\/de\/das-unternehmen\/","name":"Das Unternehmen - Boissons Heintz","isPartOf":{"@id":"https:\/\/boissonsheintz.lu\/de\/#website"},"datePublished":"2024-02-12T15:33:32+00:00","dateModified":"2024-10-07T07:48:44+00:00","breadcrumb":{"@id":"https:\/\/boissonsheintz.lu\/de\/das-unternehmen\/#breadcrumb"},"inLanguage":"de","potentialAction":[{"@type":"ReadAction","target":["https:\/\/boissonsheintz.lu\/de\/das-unternehmen\/"]}]},{"@type":"BreadcrumbList","@id":"https:\/\/boissonsheintz.lu\/de\/das-unternehmen\/#breadcrumb","itemListElement":[{"@type":"ListItem","position":1,"name":"Home","item":"https:\/\/boissonsheintz.lu\/de\/"},{"@type":"ListItem","position":2,"name":"Das Unternehmen"}]},{"@type":"WebSite","@id":"https:\/\/boissonsheintz.lu\/de\/#website","url":"https:\/\/boissonsheintz.lu\/de\/","name":"Boissons Heintz","description":"","publisher":{"@id":"https:\/\/boissonsheintz.lu\/de\/#organization"},"potentialAction":[{"@type":"SearchAction","target":{"@type":"EntryPoint","urlTemplate":"https:\/\/boissonsheintz.lu\/de\/?s={search_term_string}"},"query-input":{"@type":"PropertyValueSpecification","valueRequired":true,"valueName":"search_term_string"}}],"inLanguage":"de"},{"@type":"Organization","@id":"https:\/\/boissonsheintz.lu\/de\/#organization","name":"Boissons Heintz SA","url":"https:\/\/boissonsheintz.lu\/de\/","logo":{"@type":"ImageObject","inLanguage":"de","@id":"https:\/\/boissonsheintz.lu\/de\/#\/schema\/logo\/image\/","url":"https:\/\/boissonsheintz.lu\/wp-content\/uploads\/header-logo.png","contentUrl":"https:\/\/boissonsheintz.lu\/wp-content\/uploads\/header-logo.png","width":872,"height":676,"caption":"Boissons Heintz SA"},"image":{"@id":"https:\/\/boissonsheintz.lu\/de\/#\/schema\/logo\/image\/"},"sameAs":["https:\/\/www.boissonsheintz.lu\/facebook\/"]}]}},"_links":{"self":[{"href":"https:\/\/boissonsheintz.lu\/de\/wp-json\/wp\/v2\/pages\/1249","targetHints":{"allow":["GET"]}}],"collection":[{"href":"https:\/\/boissonsheintz.lu\/de\/wp-json\/wp\/v2\/pages"}],"about":[{"href":"https:\/\/boissonsheintz.lu\/de\/wp-json\/wp\/v2\/types\/page"}],"author":[{"embeddable":true,"href":"https:\/\/boissonsheintz.lu\/de\/wp-json\/wp\/v2\/users\/1"}],"replies":[{"embeddable":true,"href":"https:\/\/boissonsheintz.lu\/de\/wp-json\/wp\/v2\/comments?post=1249"}],"version-history":[{"count":5,"href":"https:\/\/boissonsheintz.lu\/de\/wp-json\/wp\/v2\/pages\/1249\/revisions"}],"predecessor-version":[{"id":1828,"href":"https:\/\/boissonsheintz.lu\/de\/wp-json\/wp\/v2\/pages\/1249\/revisions\/1828"}],"wp:attachment":[{"href":"https:\/\/boissonsheintz.lu\/de\/wp-json\/wp\/v2\/media?parent=1249"}],"curies":[{"name":"wp","href":"https:\/\/api.w.org\/{rel}","templated":true}]}}