{"id":1230,"date":"2024-02-28T17:13:56","date_gmt":"2024-02-28T17:13:56","guid":{"rendered":"https:\/\/boissonsheintz.lu\/allgemeine-geschaeftsbedingungen\/"},"modified":"2024-07-18T11:46:19","modified_gmt":"2024-07-18T11:46:19","slug":"allgemeine-geschaeftsbedingungen","status":"publish","type":"page","link":"https:\/\/boissonsheintz.lu\/de\/allgemeine-geschaeftsbedingungen\/","title":{"rendered":"Allgemeine Gesch\u00e4ftsbedingungen"},"content":{"rendered":"\n<p>Durch die Nutzung der Dienste der Website erkl\u00e4ren Sie sich mit den allgemeinen Gesch\u00e4ftsbedingungen einverstanden.Boissons Heintz beh\u00e4lt sich das Recht vor, diese Bedingungen jederzeit zu \u00e4ndern. <\/p>\n\n<p>Das Unternehmen Boissons Heintz \u00fcbernimmt keine Verantwortung f\u00fcr Sch\u00e4den, die durch eine missbr\u00e4uchliche Verwendung der auf dieser Website enthaltenen Daten und Dienstleistungen entstehen.Das Unternehmen lehnt jede Haftung f\u00fcr Sch\u00e4den ab, die durch die Nutzung dieser Website entstehen. <\/p>\n\n<p>Alle Fotos und Informationen auf unserer Website sind Eigentum von Boissons Heintz oder der jeweiligen Autoren und Eigent\u00fcmer.Die in unserem Shop angebotenen Produkte werden nur solange angeboten, wie sie verf\u00fcgbar sind. Wir haften nicht f\u00fcr ausverkaufte oder begrenzte Best\u00e4nde.  <\/p>\n\n<p>Alle Reklamationen m\u00fcssen bei Erhalt der Ware geltend gemacht werden, um g\u00fcltig zu sein. Unsere Rechnungen sind innerhalb von 10 Tagen zu begleichen. An ihrem Datum werden von Rechts wegen ab diesem Datum Zinsen in H\u00f6he von 1 % eines Monats f\u00e4llig, mit einem Minimum von 12 \u20ac und ohne dass es einer vorherigen Mahnung bedarf.Alle Inkassokosten gehen zu Lasten des Kunden.  <\/p>\n\n<p><strong>Preis<\/strong><br\/>Die Preise sind in \u20ac angegeben und k\u00f6nnen von Zeit zu Zeit \u00c4nderungen unterliegen. Sie ber\u00fccksichtigen nicht die Lieferkosten, die zus\u00e4tzlich berechnet werden und vor der Best\u00e4tigung der Bestellung angezeigt werden. Die Preise verstehen sich f\u00fcr Privatkunden inklusive Mehrwertsteuer und f\u00fcr Gesch\u00e4ftskunden exklusive Mehrwertsteuer. <\/p>\n\n<p><strong>Schutz der Privatsph\u00e4re<\/strong><br\/>Alle pers\u00f6nlichen Daten der registrierten Nutzer werden unter keinen Umst\u00e4nden ohne die vorherige Zustimmung des Nutzers an Dritte weitergegeben.<\/p>\n\n<p><strong>Erkl\u00e4rung zum Haftungsausschluss<\/strong><\/p>\n\n<p>Alle Informationen auf dieser Webseite wurden gewissenhaft recherchiert. Trotzdem kann der Herausgeber in keinem Fall f\u00fcr die Richtigkeit der angegebenen Informationen verantwortlich gemacht werden. Alle Angaben sind vorbehaltlich von \u00c4nderungen und Irrt\u00fcmern. Trotz sorgf\u00e4ltiger inhaltlicher Kontrolle \u00fcbernehmen wir keine Haftung f\u00fcr die Inhalte externer Links. F\u00fcr den Inhalt der verlinkten Seiten sind ausschlie\u00dflich deren Betreiber verantwortlich.    <\/p>\n","protected":false},"excerpt":{"rendered":"<p>Durch die Nutzung der Dienste der Website erkl\u00e4ren Sie sich mit den allgemeinen Gesch\u00e4ftsbedingungen einverstanden.Boissons Heintz beh\u00e4lt sich das Recht vor, diese Bedingungen jederzeit zu \u00e4ndern. Das Unternehmen Boissons Heintz \u00fcbernimmt keine Verantwortung f\u00fcr Sch\u00e4den, die durch eine missbr\u00e4uchliche Verwendung der auf dieser Website enthaltenen Daten und Dienstleistungen entstehen.Das Unternehmen lehnt jede Haftung f\u00fcr Sch\u00e4den [&hellip;]<\/p>\n","protected":false},"author":1,"featured_media":0,"parent":0,"menu_order":0,"comment_status":"closed","ping_status":"closed","template":"","meta":{"_et_pb_use_builder":"on","_et_pb_old_content":"","_et_gb_content_width":"","inline_featured_image":false,"footnotes":""},"class_list":["post-1230","page","type-page","status-publish","hentry"],"yoast_head":"<!-- This site is optimized with the Yoast SEO plugin v27.5 - https:\/\/yoast.com\/product\/yoast-seo-wordpress\/ -->\n<title>Allgemeine Gesch\u00e4ftsbedingungen - Boissons Heintz<\/title>\n<meta name=\"robots\" content=\"index, follow, max-snippet:-1, max-image-preview:large, max-video-preview:-1\" \/>\n<link rel=\"canonical\" href=\"https:\/\/boissonsheintz.lu\/de\/allgemeine-geschaeftsbedingungen\/\" \/>\n<meta property=\"og:locale\" content=\"de_DE\" \/>\n<meta property=\"og:type\" content=\"article\" \/>\n<meta property=\"og:title\" content=\"Allgemeine Gesch\u00e4ftsbedingungen - Boissons Heintz\" \/>\n<meta property=\"og:description\" content=\"Durch die Nutzung der Dienste der Website erkl\u00e4ren Sie sich mit den allgemeinen Gesch\u00e4ftsbedingungen einverstanden.Boissons Heintz beh\u00e4lt sich das Recht vor, diese Bedingungen jederzeit zu \u00e4ndern. Das Unternehmen Boissons Heintz \u00fcbernimmt keine Verantwortung f\u00fcr Sch\u00e4den, die durch eine missbr\u00e4uchliche Verwendung der auf dieser Website enthaltenen Daten und Dienstleistungen entstehen.Das Unternehmen lehnt jede Haftung f\u00fcr Sch\u00e4den [&hellip;]\" \/>\n<meta property=\"og:url\" content=\"https:\/\/boissonsheintz.lu\/de\/allgemeine-geschaeftsbedingungen\/\" \/>\n<meta property=\"og:site_name\" content=\"Boissons Heintz\" \/>\n<meta property=\"article:publisher\" content=\"https:\/\/www.boissonsheintz.lu\/facebook\/\" \/>\n<meta property=\"article:modified_time\" content=\"2024-07-18T11:46:19+00:00\" \/>\n<meta name=\"twitter:card\" content=\"summary_large_image\" \/>\n<meta name=\"twitter:label1\" content=\"Gesch\u00e4tzte Lesezeit\" \/>\n\t<meta name=\"twitter:data1\" content=\"2\u00a0Minuten\" \/>\n<script type=\"application\/ld+json\" class=\"yoast-schema-graph\">{\"@context\":\"https:\\\/\\\/schema.org\",\"@graph\":[{\"@type\":\"WebPage\",\"@id\":\"https:\\\/\\\/boissonsheintz.lu\\\/de\\\/allgemeine-geschaeftsbedingungen\\\/\",\"url\":\"https:\\\/\\\/boissonsheintz.lu\\\/de\\\/allgemeine-geschaeftsbedingungen\\\/\",\"name\":\"Allgemeine Gesch\u00e4ftsbedingungen - Boissons Heintz\",\"isPartOf\":{\"@id\":\"https:\\\/\\\/boissonsheintz.lu\\\/de\\\/#website\"},\"datePublished\":\"2024-02-28T17:13:56+00:00\",\"dateModified\":\"2024-07-18T11:46:19+00:00\",\"breadcrumb\":{\"@id\":\"https:\\\/\\\/boissonsheintz.lu\\\/de\\\/allgemeine-geschaeftsbedingungen\\\/#breadcrumb\"},\"inLanguage\":\"de\",\"potentialAction\":[{\"@type\":\"ReadAction\",\"target\":[\"https:\\\/\\\/boissonsheintz.lu\\\/de\\\/allgemeine-geschaeftsbedingungen\\\/\"]}]},{\"@type\":\"BreadcrumbList\",\"@id\":\"https:\\\/\\\/boissonsheintz.lu\\\/de\\\/allgemeine-geschaeftsbedingungen\\\/#breadcrumb\",\"itemListElement\":[{\"@type\":\"ListItem\",\"position\":1,\"name\":\"Home\",\"item\":\"https:\\\/\\\/boissonsheintz.lu\\\/de\\\/\"},{\"@type\":\"ListItem\",\"position\":2,\"name\":\"Allgemeine Gesch\u00e4ftsbedingungen\"}]},{\"@type\":\"WebSite\",\"@id\":\"https:\\\/\\\/boissonsheintz.lu\\\/de\\\/#website\",\"url\":\"https:\\\/\\\/boissonsheintz.lu\\\/de\\\/\",\"name\":\"Boissons Heintz\",\"description\":\"\",\"publisher\":{\"@id\":\"https:\\\/\\\/boissonsheintz.lu\\\/de\\\/#organization\"},\"potentialAction\":[{\"@type\":\"SearchAction\",\"target\":{\"@type\":\"EntryPoint\",\"urlTemplate\":\"https:\\\/\\\/boissonsheintz.lu\\\/de\\\/?s={search_term_string}\"},\"query-input\":{\"@type\":\"PropertyValueSpecification\",\"valueRequired\":true,\"valueName\":\"search_term_string\"}}],\"inLanguage\":\"de\"},{\"@type\":\"Organization\",\"@id\":\"https:\\\/\\\/boissonsheintz.lu\\\/de\\\/#organization\",\"name\":\"Boissons Heintz SA\",\"url\":\"https:\\\/\\\/boissonsheintz.lu\\\/de\\\/\",\"logo\":{\"@type\":\"ImageObject\",\"inLanguage\":\"de\",\"@id\":\"https:\\\/\\\/boissonsheintz.lu\\\/de\\\/#\\\/schema\\\/logo\\\/image\\\/\",\"url\":\"https:\\\/\\\/boissonsheintz.lu\\\/wp-content\\\/uploads\\\/header-logo.png\",\"contentUrl\":\"https:\\\/\\\/boissonsheintz.lu\\\/wp-content\\\/uploads\\\/header-logo.png\",\"width\":872,\"height\":676,\"caption\":\"Boissons Heintz SA\"},\"image\":{\"@id\":\"https:\\\/\\\/boissonsheintz.lu\\\/de\\\/#\\\/schema\\\/logo\\\/image\\\/\"},\"sameAs\":[\"https:\\\/\\\/www.boissonsheintz.lu\\\/facebook\\\/\"]}]}<\/script>\n<!-- \/ Yoast SEO plugin. -->","yoast_head_json":{"title":"Allgemeine Gesch\u00e4ftsbedingungen - Boissons Heintz","robots":{"index":"index","follow":"follow","max-snippet":"max-snippet:-1","max-image-preview":"max-image-preview:large","max-video-preview":"max-video-preview:-1"},"canonical":"https:\/\/boissonsheintz.lu\/de\/allgemeine-geschaeftsbedingungen\/","og_locale":"de_DE","og_type":"article","og_title":"Allgemeine Gesch\u00e4ftsbedingungen - Boissons Heintz","og_description":"Durch die Nutzung der Dienste der Website erkl\u00e4ren Sie sich mit den allgemeinen Gesch\u00e4ftsbedingungen einverstanden.Boissons Heintz beh\u00e4lt sich das Recht vor, diese Bedingungen jederzeit zu \u00e4ndern. Das Unternehmen Boissons Heintz \u00fcbernimmt keine Verantwortung f\u00fcr Sch\u00e4den, die durch eine missbr\u00e4uchliche Verwendung der auf dieser Website enthaltenen Daten und Dienstleistungen entstehen.Das Unternehmen lehnt jede Haftung f\u00fcr Sch\u00e4den [&hellip;]","og_url":"https:\/\/boissonsheintz.lu\/de\/allgemeine-geschaeftsbedingungen\/","og_site_name":"Boissons Heintz","article_publisher":"https:\/\/www.boissonsheintz.lu\/facebook\/","article_modified_time":"2024-07-18T11:46:19+00:00","twitter_card":"summary_large_image","twitter_misc":{"Gesch\u00e4tzte Lesezeit":"2\u00a0Minuten"},"schema":{"@context":"https:\/\/schema.org","@graph":[{"@type":"WebPage","@id":"https:\/\/boissonsheintz.lu\/de\/allgemeine-geschaeftsbedingungen\/","url":"https:\/\/boissonsheintz.lu\/de\/allgemeine-geschaeftsbedingungen\/","name":"Allgemeine Gesch\u00e4ftsbedingungen - Boissons Heintz","isPartOf":{"@id":"https:\/\/boissonsheintz.lu\/de\/#website"},"datePublished":"2024-02-28T17:13:56+00:00","dateModified":"2024-07-18T11:46:19+00:00","breadcrumb":{"@id":"https:\/\/boissonsheintz.lu\/de\/allgemeine-geschaeftsbedingungen\/#breadcrumb"},"inLanguage":"de","potentialAction":[{"@type":"ReadAction","target":["https:\/\/boissonsheintz.lu\/de\/allgemeine-geschaeftsbedingungen\/"]}]},{"@type":"BreadcrumbList","@id":"https:\/\/boissonsheintz.lu\/de\/allgemeine-geschaeftsbedingungen\/#breadcrumb","itemListElement":[{"@type":"ListItem","position":1,"name":"Home","item":"https:\/\/boissonsheintz.lu\/de\/"},{"@type":"ListItem","position":2,"name":"Allgemeine Gesch\u00e4ftsbedingungen"}]},{"@type":"WebSite","@id":"https:\/\/boissonsheintz.lu\/de\/#website","url":"https:\/\/boissonsheintz.lu\/de\/","name":"Boissons Heintz","description":"","publisher":{"@id":"https:\/\/boissonsheintz.lu\/de\/#organization"},"potentialAction":[{"@type":"SearchAction","target":{"@type":"EntryPoint","urlTemplate":"https:\/\/boissonsheintz.lu\/de\/?s={search_term_string}"},"query-input":{"@type":"PropertyValueSpecification","valueRequired":true,"valueName":"search_term_string"}}],"inLanguage":"de"},{"@type":"Organization","@id":"https:\/\/boissonsheintz.lu\/de\/#organization","name":"Boissons Heintz SA","url":"https:\/\/boissonsheintz.lu\/de\/","logo":{"@type":"ImageObject","inLanguage":"de","@id":"https:\/\/boissonsheintz.lu\/de\/#\/schema\/logo\/image\/","url":"https:\/\/boissonsheintz.lu\/wp-content\/uploads\/header-logo.png","contentUrl":"https:\/\/boissonsheintz.lu\/wp-content\/uploads\/header-logo.png","width":872,"height":676,"caption":"Boissons Heintz SA"},"image":{"@id":"https:\/\/boissonsheintz.lu\/de\/#\/schema\/logo\/image\/"},"sameAs":["https:\/\/www.boissonsheintz.lu\/facebook\/"]}]}},"_links":{"self":[{"href":"https:\/\/boissonsheintz.lu\/de\/wp-json\/wp\/v2\/pages\/1230","targetHints":{"allow":["GET"]}}],"collection":[{"href":"https:\/\/boissonsheintz.lu\/de\/wp-json\/wp\/v2\/pages"}],"about":[{"href":"https:\/\/boissonsheintz.lu\/de\/wp-json\/wp\/v2\/types\/page"}],"author":[{"embeddable":true,"href":"https:\/\/boissonsheintz.lu\/de\/wp-json\/wp\/v2\/users\/1"}],"replies":[{"embeddable":true,"href":"https:\/\/boissonsheintz.lu\/de\/wp-json\/wp\/v2\/comments?post=1230"}],"version-history":[{"count":1,"href":"https:\/\/boissonsheintz.lu\/de\/wp-json\/wp\/v2\/pages\/1230\/revisions"}],"predecessor-version":[{"id":1231,"href":"https:\/\/boissonsheintz.lu\/de\/wp-json\/wp\/v2\/pages\/1230\/revisions\/1231"}],"wp:attachment":[{"href":"https:\/\/boissonsheintz.lu\/de\/wp-json\/wp\/v2\/media?parent=1230"}],"curies":[{"name":"wp","href":"https:\/\/api.w.org\/{rel}","templated":true}]}}